{"id":12414,"date":"2025-05-16T09:00:12","date_gmt":"2025-05-16T09:00:12","guid":{"rendered":"https:\/\/blog-iznajmljivaci1.adriagate.com\/?page_id=12414"},"modified":"2026-03-12T15:13:58","modified_gmt":"2026-03-12T15:13:58","slug":"philips-program-pogodnosti","status":"publish","type":"page","link":"https:\/\/blog-iznajmljivaci1.adriagate.com\/zajednica-adriagate\/philips-program-pogodnosti\/","title":{"rendered":"Philips"},"content":{"rendered":"\t\t<div data-elementor-type=\"wp-page\" data-elementor-id=\"12414\" class=\"elementor elementor-12414\">\n\t\t\t\t\t\t<div class=\"elementor-inner\">\n\t\t\t\t<div class=\"elementor-section-wrap\">\n\t\t\t\t\t\t\t\t\t<section class=\"elementor-section elementor-top-section elementor-element elementor-element-59050167 elementor-section-boxed elementor-section-height-default elementor-section-height-default\" data-id=\"59050167\" data-element_type=\"section\">\n\t\t\t\t\t\t<div class=\"elementor-container elementor-column-gap-default\">\n\t\t\t\t\t\t\t<div class=\"elementor-row\">\n\t\t\t\t\t<div class=\"elementor-column elementor-col-100 elementor-top-column elementor-element elementor-element-47914bc4\" data-id=\"47914bc4\" data-element_type=\"column\">\n\t\t\t<div class=\"elementor-column-wrap elementor-element-populated\">\n\t\t\t\t\t\t\t<div class=\"elementor-widget-wrap\">\n\t\t\t\t\t\t<div class=\"elementor-element elementor-element-195551ab elementor-widget elementor-widget-image\" data-id=\"195551ab\" data-element_type=\"widget\" data-widget_type=\"image.default\">\n\t\t\t\t<div class=\"elementor-widget-container\">\n\t\t\t\t\t\t\t\t<div class=\"elementor-image\">\n\t\t\t\t\t\t\t\t\t\t\t\t<img decoding=\"async\" width=\"1080\" height=\"720\" src=\"https:\/\/blog-iznajmljivaci1.adriagate.com\/wp-content\/uploads\/2026\/03\/Blog_fotografije_2024-1875-x-1250-piks.-16.jpg\" class=\"attachment-full size-full wp-image-14989\" alt=\"Philips pogodnosti\" srcset=\"https:\/\/blog-iznajmljivaci1.adriagate.com\/wp-content\/uploads\/2026\/03\/Blog_fotografije_2024-1875-x-1250-piks.-16.jpg 1080w, https:\/\/blog-iznajmljivaci1.adriagate.com\/wp-content\/uploads\/2026\/03\/Blog_fotografije_2024-1875-x-1250-piks.-16-300x200.jpg 300w, https:\/\/blog-iznajmljivaci1.adriagate.com\/wp-content\/uploads\/2026\/03\/Blog_fotografije_2024-1875-x-1250-piks.-16-1024x683.jpg 1024w, https:\/\/blog-iznajmljivaci1.adriagate.com\/wp-content\/uploads\/2026\/03\/Blog_fotografije_2024-1875-x-1250-piks.-16-768x512.jpg 768w\" sizes=\"(max-width: 1080px) 100vw, 1080px\" \/>\t\t\t\t\t\t\t\t\t\t\t\t\t\t<\/div>\n\t\t\t\t\t\t<\/div>\n\t\t\t\t<\/div>\n\t\t\t\t<div class=\"elementor-element elementor-element-5d61a903 elementor-widget elementor-widget-spacer\" data-id=\"5d61a903\" data-element_type=\"widget\" data-widget_type=\"spacer.default\">\n\t\t\t\t<div class=\"elementor-widget-container\">\n\t\t\t\t\t<div class=\"elementor-spacer\">\n\t\t\t<div class=\"elementor-spacer-inner\"><\/div>\n\t\t<\/div>\n\t\t\t\t<\/div>\n\t\t\t\t<\/div>\n\t\t\t\t<div class=\"elementor-element elementor-element-6e1cb03f elementor-widget elementor-widget-heading\" data-id=\"6e1cb03f\" data-element_type=\"widget\" data-widget_type=\"heading.default\">\n\t\t\t\t<div class=\"elementor-widget-container\">\n\t\t\t<h1 class=\"elementor-heading-title elementor-size-default\">Pogodnosti za iznajmljiva\u010de \u2013 Philips mali ku\u0107anski aparati za moderan i funkcionalan smje\u0161taj<\/h1>\t\t<\/div>\n\t\t\t\t<\/div>\n\t\t\t\t<div class=\"elementor-element elementor-element-381452cf elementor-widget elementor-widget-heading\" data-id=\"381452cf\" data-element_type=\"widget\" data-widget_type=\"heading.default\">\n\t\t\t\t<div class=\"elementor-widget-container\">\n\t\t\t<h2 class=\"elementor-heading-title elementor-size-default\">Philips omogu\u0107uje pogodnosti za Adriagate iznajmljiva\u010de<\/h2>\t\t<\/div>\n\t\t\t\t<\/div>\n\t\t\t\t<div class=\"elementor-element elementor-element-41783641 elementor-widget elementor-widget-text-editor\" data-id=\"41783641\" data-element_type=\"widget\" data-widget_type=\"text-editor.default\">\n\t\t\t\t<div class=\"elementor-widget-container\">\n\t\t\t\t\t\t\t\t<div class=\"elementor-text-editor elementor-clearfix\">\n\t\t\t\t<p>U svijetu turizma, dojam koji va\u0161 smje\u0161taj ostavlja na gosta \u010desto ovisi o detaljima. Osim ugodnog ure\u0111enja i \u010diste posteljine, sve ve\u0107i broj gostiju cijeni funkcionalnost i moderne ure\u0111aje koji im boravak \u010dine jednostavnijim i ugodnijim. Kvalitetan aparat za kavu, pouzdano kuhalo za vodu, prakti\u010dan usisava\u010d ili gla\u010dalo mogu va\u0161 smje\u0161taj podi\u0107i na vi\u0161u razinu i ostaviti izvrstan dojam.<\/p><p>Kako biste svoj apartman, ku\u0107u za odmor ili vilu opremili modernim ure\u0111ajima koji se uklapaju u potrebe dana\u0161njih gostiju, Adriagate u suradnji s Philips omogu\u0107uje posebne pogodnosti za iznajmljiva\u010de.<\/p>\t\t\t\t\t<\/div>\n\t\t\t\t\t\t<\/div>\n\t\t\t\t<\/div>\n\t\t\t\t<div class=\"elementor-element elementor-element-15666e9e elementor-widget elementor-widget-heading\" data-id=\"15666e9e\" data-element_type=\"widget\" data-widget_type=\"heading.default\">\n\t\t\t\t<div class=\"elementor-widget-container\">\n\t\t\t<h3 class=\"elementor-heading-title elementor-size-default\"><h3>Adriagate i Philips su za vas pripremili pogodnost:<\/h3>\n<ul>\n<li><strong>30% popusta<\/strong> koji mo\u017eete iskoristiti putem posebne web poveznice i promotivnog koda, kojeg mo\u017eete prona\u0107i  u Adriagate aplikaciji za rezervacije. <\/li>\n<\/ul><\/h3>\t\t<\/div>\n\t\t\t\t<\/div>\n\t\t\t\t<div class=\"elementor-element elementor-element-af183b5 elementor-widget elementor-widget-text-editor\" data-id=\"af183b5\" data-element_type=\"widget\" data-widget_type=\"text-editor.default\">\n\t\t\t\t<div class=\"elementor-widget-container\">\n\t\t\t\t\t\t\t\t<div class=\"elementor-text-editor elementor-clearfix\">\n\t\t\t\t<h3>\u0160to nudi Philips?<\/h3><p>Na njihovoj web stranici <a href=\"https:\/\/www.philips.hr\/\" target=\"_blank\" rel=\"noopener\">Philips &#8211; Hrvatska<\/a> prona\u0107i \u0107ete \u0161irok asortiman vrhunskih ku\u0107anskih ure\u0111aja \u2013 od aparata za kavu, kuhala za vodu i pegle, do pro\u010di\u0161\u0107iva\u010da zraka, usisava\u010da i kuhinjskih dodataka. Rije\u010d je o pa\u017eljivo dizajniranim proizvodima koji kombiniraju funkcionalnost, pouzdanost i estetiku \u2013 sve ono \u0161to gosti danas tra\u017ee.<\/p>\t\t\t\t\t<\/div>\n\t\t\t\t\t\t<\/div>\n\t\t\t\t<\/div>\n\t\t\t\t<div class=\"elementor-element elementor-element-ad818ed elementor-widget elementor-widget-image\" data-id=\"ad818ed\" data-element_type=\"widget\" data-widget_type=\"image.default\">\n\t\t\t\t<div class=\"elementor-widget-container\">\n\t\t\t\t\t\t\t\t<div class=\"elementor-image\">\n\t\t\t\t\t\t\t\t\t\t\t\t<img decoding=\"async\" src=\"https:\/\/blog-iznajmljivaci1.adriagate.com\/wp-content\/uploads\/2025\/05\/philips-novo.jpg\" title=\"philips novo\" alt=\"philips novo\" loading=\"lazy\" \/>\t\t\t\t\t\t\t\t\t\t\t\t\t\t<\/div>\n\t\t\t\t\t\t<\/div>\n\t\t\t\t<\/div>\n\t\t\t\t<div class=\"elementor-element elementor-element-9362ca2 elementor-widget elementor-widget-text-editor\" data-id=\"9362ca2\" data-element_type=\"widget\" data-widget_type=\"text-editor.default\">\n\t\t\t\t<div class=\"elementor-widget-container\">\n\t\t\t\t\t\t\t\t<div class=\"elementor-text-editor elementor-clearfix\">\n\t\t\t\t<h3>Za\u0161to odabrati Philips<\/h3><ul><li>Kvaliteta prepoznatljiva diljem Europe<\/li><li>Inovativna rje\u0161enja koja \u0161tede vrijeme i energiju<\/li><li>Elegantni dizajn koji se lako uklapa u svaki interijer<\/li><\/ul><div><div>S Philips malim ku\u0107anskim aparatima va\u0161 smje\u0161taj mo\u017ee biti i funkcionalan i atraktivan \u2013 ba\u0161 onakav kakav gosti pamte i rado preporu\u010duju.<\/div><\/div>\t\t\t\t\t<\/div>\n\t\t\t\t\t\t<\/div>\n\t\t\t\t<\/div>\n\t\t\t\t<div class=\"elementor-element elementor-element-393d781 elementor-align-center elementor-widget elementor-widget-button\" data-id=\"393d781\" data-element_type=\"widget\" data-widget_type=\"button.default\">\n\t\t\t\t<div class=\"elementor-widget-container\">\n\t\t\t\t\t<div class=\"elementor-button-wrapper\">\n\t\t\t<a href=\"https:\/\/www.philips.hr\/\" target=\"_blank\" class=\"elementor-button-link elementor-button elementor-size-lg\" role=\"button\">\n\t\t\t\t\t\t<span class=\"elementor-button-content-wrapper\">\n\t\t\t\t\t\t<span class=\"elementor-button-text\">Posjetite web stranicu Philips<\/span>\n\t\t<\/span>\n\t\t\t\t\t<\/a>\n\t\t<\/div>\n\t\t\t\t<\/div>\n\t\t\t\t<\/div>\n\t\t\t\t<section class=\"elementor-section elementor-inner-section elementor-element elementor-element-53a18a1c elementor-section-boxed elementor-section-height-default elementor-section-height-default\" data-id=\"53a18a1c\" data-element_type=\"section\">\n\t\t\t\t\t\t<div class=\"elementor-container elementor-column-gap-default\">\n\t\t\t\t\t\t\t<div class=\"elementor-row\">\n\t\t\t\t\t<div class=\"elementor-column elementor-col-50 elementor-inner-column elementor-element elementor-element-7cff4473\" data-id=\"7cff4473\" data-element_type=\"column\">\n\t\t\t<div class=\"elementor-column-wrap\">\n\t\t\t\t\t\t\t<div class=\"elementor-widget-wrap\">\n\t\t\t\t\t\t\t\t<\/div>\n\t\t\t\t\t<\/div>\n\t\t<\/div>\n\t\t\t\t<div class=\"elementor-column elementor-col-50 elementor-inner-column elementor-element elementor-element-70e5a6a5\" data-id=\"70e5a6a5\" data-element_type=\"column\">\n\t\t\t<div class=\"elementor-column-wrap\">\n\t\t\t\t\t\t\t<div class=\"elementor-widget-wrap\">\n\t\t\t\t\t\t\t\t<\/div>\n\t\t\t\t\t<\/div>\n\t\t<\/div>\n\t\t\t\t\t\t\t\t<\/div>\n\t\t\t\t\t<\/div>\n\t\t<\/section>\n\t\t\t\t<div class=\"elementor-element elementor-element-e3ce20a elementor-widget elementor-widget-spacer\" data-id=\"e3ce20a\" data-element_type=\"widget\" data-widget_type=\"spacer.default\">\n\t\t\t\t<div class=\"elementor-widget-container\">\n\t\t\t\t\t<div class=\"elementor-spacer\">\n\t\t\t<div class=\"elementor-spacer-inner\"><\/div>\n\t\t<\/div>\n\t\t\t\t<\/div>\n\t\t\t\t<\/div>\n\t\t\t\t<div class=\"elementor-element elementor-element-6eda6908 elementor-widget elementor-widget-spacer\" data-id=\"6eda6908\" data-element_type=\"widget\" data-widget_type=\"spacer.default\">\n\t\t\t\t<div class=\"elementor-widget-container\">\n\t\t\t\t\t<div class=\"elementor-spacer\">\n\t\t\t<div class=\"elementor-spacer-inner\"><\/div>\n\t\t<\/div>\n\t\t\t\t<\/div>\n\t\t\t\t<\/div>\n\t\t\t\t<div class=\"elementor-element elementor-element-a1f11da elementor-widget elementor-widget-toggle\" data-id=\"a1f11da\" data-element_type=\"widget\" data-widget_type=\"toggle.default\">\n\t\t\t\t<div class=\"elementor-widget-container\">\n\t\t\t\t\t<div class=\"elementor-toggle\" role=\"tablist\">\n\t\t\t\t\t\t\t<div class=\"elementor-toggle-item\">\n\t\t\t\t\t<div id=\"elementor-tab-title-1691\" class=\"elementor-tab-title\" data-tab=\"1\" role=\"tab\" aria-controls=\"elementor-tab-content-1691\" aria-expanded=\"false\">\n\t\t\t\t\t\t\t\t\t\t\t\t<span class=\"elementor-toggle-icon elementor-toggle-icon-left\" aria-hidden=\"true\">\n\t\t\t\t\t\t\t\t\t\t\t\t\t\t\t<span class=\"elementor-toggle-icon-closed\"><i class=\"fas fa-caret-right\"><\/i><\/span>\n\t\t\t\t\t\t\t\t<span class=\"elementor-toggle-icon-opened\"><i class=\"elementor-toggle-icon-opened fas fa-caret-up\"><\/i><\/span>\n\t\t\t\t\t\t\t\t\t\t\t\t\t<\/span>\n\t\t\t\t\t\t\t\t\t\t\t\t<a href=\"\" class=\"elementor-toggle-title\">Kako ostvariti pogodnosti za Philips<\/a>\n\t\t\t\t\t<\/div>\n\n\t\t\t\t\t<div id=\"elementor-tab-content-1691\" class=\"elementor-tab-content elementor-clearfix\" data-tab=\"1\" role=\"tabpanel\" aria-labelledby=\"elementor-tab-title-1691\"><p class=\"\" data-start=\"152\" data-end=\"375\"><strong data-start=\"152\" data-end=\"231\">Biti Adriagate iznajmljiva\u010d prvi je korak za ostvarenje Philips pogodnosti. <\/strong>Bez obzira jeste li dugogodi\u0161nji iznajmljiva\u010d ili ste tek potpisali ugovor o suradnji, pravo na pogodnosti vrijedi za sve Adriagate partnere.<\/p><p class=\"\" data-start=\"377\" data-end=\"602\"><strong data-start=\"377\" data-end=\"433\">Adriagate i Philips pripremili su za vas 30% popusta<\/strong>. Za ostvarenje pogodnosti dovoljno je koristiti <strong>posebnu web poveznicu i promotivni kod<\/strong>. Potvrda o poslovnoj suradnji iznajmljiva\u010da i Adriagate nalazi se u Adriagate aplikaciji za rezervacije. <strong>U slu\u010daju bilo kojih pitanja molimo javiti se mailom na \u00bb <a href=\"mailto:marketing@adriagate.com\">marketing@adriagate.com<\/a>.<\/strong><\/p><\/div>\n\t\t\t\t<\/div>\n\t\t\t\t\t\t\t<div class=\"elementor-toggle-item\">\n\t\t\t\t\t<div id=\"elementor-tab-title-1692\" class=\"elementor-tab-title\" data-tab=\"2\" role=\"tab\" aria-controls=\"elementor-tab-content-1692\" aria-expanded=\"false\">\n\t\t\t\t\t\t\t\t\t\t\t\t<span class=\"elementor-toggle-icon elementor-toggle-icon-left\" aria-hidden=\"true\">\n\t\t\t\t\t\t\t\t\t\t\t\t\t\t\t<span class=\"elementor-toggle-icon-closed\"><i class=\"fas fa-caret-right\"><\/i><\/span>\n\t\t\t\t\t\t\t\t<span class=\"elementor-toggle-icon-opened\"><i class=\"elementor-toggle-icon-opened fas fa-caret-up\"><\/i><\/span>\n\t\t\t\t\t\t\t\t\t\t\t\t\t<\/span>\n\t\t\t\t\t\t\t\t\t\t\t\t<a href=\"\" class=\"elementor-toggle-title\">Kontakt Adriagate<\/a>\n\t\t\t\t\t<\/div>\n\n\t\t\t\t\t<div id=\"elementor-tab-content-1692\" class=\"elementor-tab-content elementor-clearfix\" data-tab=\"2\" role=\"tabpanel\" aria-labelledby=\"elementor-tab-title-1692\"><p><strong>Tel\/Fax:<\/strong>\u00a0<a href=\"tel:+38521271870\">+38521271870<\/a><br \/><strong>email:<\/strong> <a href=\"mailto:marketing@adriagate.com\">marketing@adriagate.com<\/a><\/p><\/div>\n\t\t\t\t<\/div>\n\t\t\t\t\t\t\t\t<\/div>\n\t\t\t\t<\/div>\n\t\t\t\t<\/div>\n\t\t\t\t<div class=\"elementor-element elementor-element-51db930 elementor-widget elementor-widget-spacer\" data-id=\"51db930\" data-element_type=\"widget\" data-widget_type=\"spacer.default\">\n\t\t\t\t<div class=\"elementor-widget-container\">\n\t\t\t\t\t<div class=\"elementor-spacer\">\n\t\t\t<div class=\"elementor-spacer-inner\"><\/div>\n\t\t<\/div>\n\t\t\t\t<\/div>\n\t\t\t\t<\/div>\n\t\t\t\t\t\t<\/div>\n\t\t\t\t\t<\/div>\n\t\t<\/div>\n\t\t\t\t\t\t\t\t<\/div>\n\t\t\t\t\t<\/div>\n\t\t<\/section>\n\t\t\t\t\t\t\t\t\t<\/div>\n\t\t\t<\/div>\n\t\t\t\t\t<\/div>\n\t\t","protected":false},"excerpt":{"rendered":"<p>Pogodnosti za iznajmljiva\u010de \u2013 Philips mali ku\u0107anski aparati za moderan i funkcionalan smje\u0161taj Philips omogu\u0107uje pogodnosti za Adriagate iznajmljiva\u010de U svijetu turizma, dojam koji va\u0161 smje\u0161taj ostavlja na gosta \u010desto ovisi o detaljima. Osim ugodnog ure\u0111enja i \u010diste posteljine, sve ve\u0107i broj gostiju cijeni funkcionalnost i moderne ure\u0111aje koji im boravak \u010dine jednostavnijim i ugodnijim. [&hellip;]<\/p>\n","protected":false},"author":1,"featured_media":14989,"parent":770,"menu_order":0,"comment_status":"closed","ping_status":"closed","template":"","meta":{"_mi_skip_tracking":false,"footnotes":""},"class_list":["post-12414","page","type-page","status-publish","has-post-thumbnail","hentry","entry","has-media"],"yoast_head":"<!-- This site is optimized with the Yoast SEO plugin v20.3 - https:\/\/yoast.com\/wordpress\/plugins\/seo\/ -->\n<title>Philips - Blog za iznajmljiva\u010de privatnog smje\u0161taja | Adriagate<\/title>\n<meta name=\"robots\" content=\"index, follow, max-snippet:-1, max-image-preview:large, max-video-preview:-1\" \/>\n<link rel=\"canonical\" href=\"https:\/\/www.adriagate.com\/blog-iznajmljivaci\/zajednica-adriagate\/philips-program-pogodnosti\/\" \/>\n<meta property=\"og:locale\" content=\"hr_HR\" \/>\n<meta property=\"og:type\" content=\"article\" \/>\n<meta property=\"og:title\" content=\"Philips - Blog za iznajmljiva\u010de privatnog smje\u0161taja | Adriagate\" \/>\n<meta property=\"og:description\" content=\"Pogodnosti za iznajmljiva\u010de \u2013 Philips mali ku\u0107anski aparati za moderan i funkcionalan smje\u0161taj Philips omogu\u0107uje pogodnosti za Adriagate iznajmljiva\u010de U svijetu turizma, dojam koji va\u0161 smje\u0161taj ostavlja na gosta \u010desto ovisi o detaljima. Osim ugodnog ure\u0111enja i \u010diste posteljine, sve ve\u0107i broj gostiju cijeni funkcionalnost i moderne ure\u0111aje koji im boravak \u010dine jednostavnijim i ugodnijim. [&hellip;]\" \/>\n<meta property=\"og:url\" content=\"https:\/\/blog-iznajmljivaci1.adriagate.com\/zajednica-adriagate\/philips-program-pogodnosti\/\" \/>\n<meta property=\"og:site_name\" content=\"Blog za iznajmljiva\u010de privatnog smje\u0161taja | Adriagate\" \/>\n<meta property=\"article:modified_time\" content=\"2026-03-12T15:13:58+00:00\" \/>\n<meta property=\"og:image\" content=\"https:\/\/blog-iznajmljivaci1.adriagate.com\/wp-content\/uploads\/2026\/03\/Blog_fotografije_2024-1875-x-1250-piks.-16.jpg\" \/>\n\t<meta property=\"og:image:width\" content=\"1080\" \/>\n\t<meta property=\"og:image:height\" content=\"720\" \/>\n\t<meta property=\"og:image:type\" content=\"image\/jpeg\" \/>\n<meta name=\"twitter:card\" content=\"summary_large_image\" \/>\n<meta name=\"twitter:label1\" content=\"Procijenjeno vrijeme \u010ditanja\" \/>\n\t<meta name=\"twitter:data1\" content=\"3 minute\" \/>\n<script type=\"application\/ld+json\" class=\"yoast-schema-graph\">{\n\t    \"@context\": \"https:\/\/schema.org\",\n\t    \"@graph\": [\n\t        {\n\t            \"@type\": \"WebPage\",\n\t            \"@id\": \"https:\/\/blog-iznajmljivaci1.adriagate.com\/zajednica-adriagate\/philips-program-pogodnosti\/\",\n\t            \"url\": \"https:\/\/blog-iznajmljivaci1.adriagate.com\/zajednica-adriagate\/philips-program-pogodnosti\/\",\n\t            \"name\": \"Philips - Blog za iznajmljiva\u010de privatnog smje\u0161taja | Adriagate\",\n\t            \"isPartOf\": {\n\t                \"@id\": \"https:\/\/blog-iznajmljivaci1.adriagate.com\/#website\"\n\t            },\n\t            \"datePublished\": \"2025-05-16T09:00:12+00:00\",\n\t            \"dateModified\": \"2026-03-12T15:13:58+00:00\",\n\t            \"breadcrumb\": {\n\t                \"@id\": \"https:\/\/blog-iznajmljivaci1.adriagate.com\/zajednica-adriagate\/philips-program-pogodnosti\/#breadcrumb\"\n\t            },\n\t            \"inLanguage\": \"hr\",\n\t            \"potentialAction\": [\n\t                {\n\t                    \"@type\": \"ReadAction\",\n\t                    \"target\": [\n\t                        \"https:\/\/blog-iznajmljivaci1.adriagate.com\/zajednica-adriagate\/philips-program-pogodnosti\/\"\n\t                    ]\n\t                }\n\t            ]\n\t        },\n\t        {\n\t            \"@type\": \"BreadcrumbList\",\n\t            \"@id\": \"https:\/\/blog-iznajmljivaci1.adriagate.com\/zajednica-adriagate\/philips-program-pogodnosti\/#breadcrumb\",\n\t            \"itemListElement\": [\n\t                {\n\t                    \"@type\": \"ListItem\",\n\t                    \"position\": 1,\n\t                    \"name\": \"Po\u010detna stranica\",\n\t                    \"item\": \"https:\/\/blog-iznajmljivaci1.adriagate.com\/\"\n\t                },\n\t                {\n\t                    \"@type\": \"ListItem\",\n\t                    \"position\": 2,\n\t                    \"name\": \"Program pogodnosti\",\n\t                    \"item\": \"https:\/\/blog-iznajmljivaci1.adriagate.com\/zajednica-adriagate\/\"\n\t                },\n\t                {\n\t                    \"@type\": \"ListItem\",\n\t                    \"position\": 3,\n\t                    \"name\": \"Philips\"\n\t                }\n\t            ]\n\t        },\n\t        {\n\t            \"@type\": \"WebSite\",\n\t            \"@id\": \"https:\/\/blog-iznajmljivaci1.adriagate.com\/#website\",\n\t            \"url\": \"https:\/\/blog-iznajmljivaci1.adriagate.com\/\",\n\t            \"name\": \"Blog za iznajmljiva\u010de privatnog smje\u0161taja | Adriagate\",\n\t            \"description\": \"Korisni savjeti i novosti namjenjeni iznajmljiva\u010dima i vlasnicima apartmana, ku\u0107a za odmor i vila\",\n\t            \"publisher\": {\n\t                \"@id\": \"https:\/\/blog-iznajmljivaci1.adriagate.com\/#organization\"\n\t            },\n\t            \"potentialAction\": [\n\t                {\n\t                    \"@type\": \"SearchAction\",\n\t                    \"target\": {\n\t                        \"@type\": \"EntryPoint\",\n\t                        \"urlTemplate\": \"https:\/\/blog-iznajmljivaci1.adriagate.com\/?s={search_term_string}\"\n\t                    },\n\t                    \"query-input\": \"required name=search_term_string\"\n\t                }\n\t            ],\n\t            \"inLanguage\": \"hr\"\n\t        },\n\t        {\n\t            \"@type\": \"Organization\",\n\t            \"@id\": \"https:\/\/blog-iznajmljivaci1.adriagate.com\/#organization\",\n\t            \"name\": \"Blog za iznajmljiva\u010de privatnog smje\u0161taja | Adriagate\",\n\t            \"url\": \"https:\/\/blog-iznajmljivaci1.adriagate.com\/\",\n\t            \"logo\": {\n\t                \"@type\": \"ImageObject\",\n\t                \"inLanguage\": \"hr\",\n\t                \"@id\": \"https:\/\/blog-iznajmljivaci1.adriagate.com\/#\/schema\/logo\/image\/\",\n\t                \"url\": \"https:\/\/blog-iznajmljivaci1.adriagate.com\/wp-content\/uploads\/2020\/01\/cropped-Logotip_iznajmljivaci_novo_250.png\",\n\t                \"contentUrl\": \"https:\/\/blog-iznajmljivaci1.adriagate.com\/wp-content\/uploads\/2020\/01\/cropped-Logotip_iznajmljivaci_novo_250.png\",\n\t                \"width\": 240,\n\t                \"height\": 66,\n\t                \"caption\": \"Blog za iznajmljiva\u010de privatnog smje\u0161taja | Adriagate\"\n\t            },\n\t            \"image\": {\n\t                \"@id\": \"https:\/\/blog-iznajmljivaci1.adriagate.com\/#\/schema\/logo\/image\/\"\n\t            }\n\t        }\n\t    ]\n\t}<\/script>\n<!-- \/ Yoast SEO plugin. -->","yoast_head_json":{"title":"Philips - Blog za iznajmljiva\u010de privatnog smje\u0161taja | Adriagate","robots":{"index":"index","follow":"follow","max-snippet":"max-snippet:-1","max-image-preview":"max-image-preview:large","max-video-preview":"max-video-preview:-1"},"canonical":"https:\/\/www.adriagate.com\/blog-iznajmljivaci\/zajednica-adriagate\/philips-program-pogodnosti\/","og_locale":"hr_HR","og_type":"article","og_title":"Philips - Blog za iznajmljiva\u010de privatnog smje\u0161taja | Adriagate","og_description":"Pogodnosti za iznajmljiva\u010de \u2013 Philips mali ku\u0107anski aparati za moderan i funkcionalan smje\u0161taj Philips omogu\u0107uje pogodnosti za Adriagate iznajmljiva\u010de U svijetu turizma, dojam koji va\u0161 smje\u0161taj ostavlja na gosta \u010desto ovisi o detaljima. Osim ugodnog ure\u0111enja i \u010diste posteljine, sve ve\u0107i broj gostiju cijeni funkcionalnost i moderne ure\u0111aje koji im boravak \u010dine jednostavnijim i ugodnijim. [&hellip;]","og_url":"https:\/\/blog-iznajmljivaci1.adriagate.com\/zajednica-adriagate\/philips-program-pogodnosti\/","og_site_name":"Blog za iznajmljiva\u010de privatnog smje\u0161taja | Adriagate","article_modified_time":"2026-03-12T15:13:58+00:00","og_image":[{"width":1080,"height":720,"url":"https:\/\/blog-iznajmljivaci1.adriagate.com\/wp-content\/uploads\/2026\/03\/Blog_fotografije_2024-1875-x-1250-piks.-16.jpg","type":"image\/jpeg"}],"twitter_card":"summary_large_image","twitter_misc":{"Procijenjeno vrijeme \u010ditanja":"3 minute"},"schema":{"@context":"https:\/\/schema.org","@graph":[{"@type":"WebPage","@id":"https:\/\/blog-iznajmljivaci1.adriagate.com\/zajednica-adriagate\/philips-program-pogodnosti\/","url":"https:\/\/blog-iznajmljivaci1.adriagate.com\/zajednica-adriagate\/philips-program-pogodnosti\/","name":"Philips - Blog za iznajmljiva\u010de privatnog smje\u0161taja | Adriagate","isPartOf":{"@id":"https:\/\/blog-iznajmljivaci1.adriagate.com\/#website"},"datePublished":"2025-05-16T09:00:12+00:00","dateModified":"2026-03-12T15:13:58+00:00","breadcrumb":{"@id":"https:\/\/blog-iznajmljivaci1.adriagate.com\/zajednica-adriagate\/philips-program-pogodnosti\/#breadcrumb"},"inLanguage":"hr","potentialAction":[{"@type":"ReadAction","target":["https:\/\/blog-iznajmljivaci1.adriagate.com\/zajednica-adriagate\/philips-program-pogodnosti\/"]}]},{"@type":"BreadcrumbList","@id":"https:\/\/blog-iznajmljivaci1.adriagate.com\/zajednica-adriagate\/philips-program-pogodnosti\/#breadcrumb","itemListElement":[{"@type":"ListItem","position":1,"name":"Po\u010detna stranica","item":"https:\/\/blog-iznajmljivaci1.adriagate.com\/"},{"@type":"ListItem","position":2,"name":"Program pogodnosti","item":"https:\/\/blog-iznajmljivaci1.adriagate.com\/zajednica-adriagate\/"},{"@type":"ListItem","position":3,"name":"Philips"}]},{"@type":"WebSite","@id":"https:\/\/blog-iznajmljivaci1.adriagate.com\/#website","url":"https:\/\/blog-iznajmljivaci1.adriagate.com\/","name":"Blog za iznajmljiva\u010de privatnog smje\u0161taja | Adriagate","description":"Korisni savjeti i novosti namjenjeni iznajmljiva\u010dima i vlasnicima apartmana, ku\u0107a za odmor i vila","publisher":{"@id":"https:\/\/blog-iznajmljivaci1.adriagate.com\/#organization"},"potentialAction":[{"@type":"SearchAction","target":{"@type":"EntryPoint","urlTemplate":"https:\/\/blog-iznajmljivaci1.adriagate.com\/?s={search_term_string}"},"query-input":"required name=search_term_string"}],"inLanguage":"hr"},{"@type":"Organization","@id":"https:\/\/blog-iznajmljivaci1.adriagate.com\/#organization","name":"Blog za iznajmljiva\u010de privatnog smje\u0161taja | Adriagate","url":"https:\/\/blog-iznajmljivaci1.adriagate.com\/","logo":{"@type":"ImageObject","inLanguage":"hr","@id":"https:\/\/blog-iznajmljivaci1.adriagate.com\/#\/schema\/logo\/image\/","url":"https:\/\/blog-iznajmljivaci1.adriagate.com\/wp-content\/uploads\/2020\/01\/cropped-Logotip_iznajmljivaci_novo_250.png","contentUrl":"https:\/\/blog-iznajmljivaci1.adriagate.com\/wp-content\/uploads\/2020\/01\/cropped-Logotip_iznajmljivaci_novo_250.png","width":240,"height":66,"caption":"Blog za iznajmljiva\u010de privatnog smje\u0161taja | Adriagate"},"image":{"@id":"https:\/\/blog-iznajmljivaci1.adriagate.com\/#\/schema\/logo\/image\/"}}]}},"_links":{"self":[{"href":"https:\/\/blog-iznajmljivaci1.adriagate.com\/wp-json\/wp\/v2\/pages\/12414","targetHints":{"allow":["GET"]}}],"collection":[{"href":"https:\/\/blog-iznajmljivaci1.adriagate.com\/wp-json\/wp\/v2\/pages"}],"about":[{"href":"https:\/\/blog-iznajmljivaci1.adriagate.com\/wp-json\/wp\/v2\/types\/page"}],"author":[{"embeddable":true,"href":"https:\/\/blog-iznajmljivaci1.adriagate.com\/wp-json\/wp\/v2\/users\/1"}],"replies":[{"embeddable":true,"href":"https:\/\/blog-iznajmljivaci1.adriagate.com\/wp-json\/wp\/v2\/comments?post=12414"}],"version-history":[{"count":65,"href":"https:\/\/blog-iznajmljivaci1.adriagate.com\/wp-json\/wp\/v2\/pages\/12414\/revisions"}],"predecessor-version":[{"id":15010,"href":"https:\/\/blog-iznajmljivaci1.adriagate.com\/wp-json\/wp\/v2\/pages\/12414\/revisions\/15010"}],"up":[{"embeddable":true,"href":"https:\/\/blog-iznajmljivaci1.adriagate.com\/wp-json\/wp\/v2\/pages\/770"}],"wp:featuredmedia":[{"embeddable":true,"href":"https:\/\/blog-iznajmljivaci1.adriagate.com\/wp-json\/wp\/v2\/media\/14989"}],"wp:attachment":[{"href":"https:\/\/blog-iznajmljivaci1.adriagate.com\/wp-json\/wp\/v2\/media?parent=12414"}],"curies":[{"name":"wp","href":"https:\/\/api.w.org\/{rel}","templated":true}]}}